{"id":1808,"date":"2021-06-24T21:42:14","date_gmt":"2021-06-24T19:42:14","guid":{"rendered":"https:\/\/biosud.com\/mentions-legales\/"},"modified":"2022-12-15T19:27:38","modified_gmt":"2022-12-15T18:27:38","slug":"legal-information","status":"publish","type":"page","link":"https:\/\/biosud.com\/en\/legal-information\/","title":{"rendered":"Legal information"},"content":{"rendered":"\r\n<h2 class=\"wp-block-heading\"><strong>Ce site vous est propos\u00e9 par :<\/strong><\/h2>\r\n<p><span style=\"font-weight: 400;\">BIOSUD<\/span><\/p>\r\n<p>Route de Port Saint Louis\u00a0<\/p>\r\n<p>13200 Arles<\/p>\r\n<p><span style=\"font-weight: 400;\">SAS au capital de 55 500 Euros<\/span><\/p>\r\n<p><span style=\"font-weight: 400;\">RCS <\/span><span style=\"font-weight: 400;\">Tarascon B 445 175 177<\/span><\/p>\r\n<h2>\u00a0<\/h2>\r\n<h2><strong>Photographe :\u00a0<\/strong><\/h2>\r\n<p>BRUNO PRESCHESMISKY<\/p>\r\n<p>21, place Sainte-Marthe<\/p>\r\n<p>84200 Carpentras<\/p>\r\n<p>Mobile : (+33) 6 80 57 38 84<\/p>\r\n<p>T\u00e9l\u00e9phone : (+33) 4 90 63 15 00<\/p>\r\n<p>Mail : <span style=\"text-decoration: underline;\"><a href=\"mailto:carpentras@camara.fr\" target=\"_blank\" rel=\"noopener\"><span style=\"color: #333333; text-decoration: underline;\">carpentras@camara.fr<\/span><\/a><\/span><\/p>\r\n<p>Site internet : <a href=\"https:\/\/www.chalinephoto.fr\/\" target=\"_blank\" rel=\"noopener\"><span style=\"color: #333333;\">http<\/span><\/a><span style=\"color: #333333;\"><a style=\"color: #333333;\" href=\"https:\/\/www.chalinephoto.fr\/\" target=\"_blank\" rel=\"noopener\">s:\/\/www.chalinephoto.fr\/<\/a><\/span><\/p>\r\n<h2>\u00a0<\/h2>\r\n<h2><strong>Agence de cr\u00e9ation et h\u00e9bergement du site\u00a0<\/strong><\/h2>\r\n<p><span style=\"font-weight: 400;\">STUDIO B\u00a0<\/span><\/p>\r\n<p><span style=\"font-weight: 400;\">29, rue des ar\u00e8nes<\/span><\/p>\r\n<p><span style=\"font-weight: 400;\">13200 Arles<\/span><\/p>\r\n<p>T\u00e9l\u00e9phone : (+33) 4 90 96 39 04<\/p>\r\n<p>Site internet : <span style=\"color: #333333;\"><a style=\"color: #333333;\" href=\"https:\/\/studiob-design.fr\" target=\"_blank\" rel=\"noopener\"><span style=\"color: #333333;\">https:\/\/studiob-design.f<\/span>r<\/a><\/span><\/p>\r\n<p>SAS au capital de 12 000 euros<\/p>\r\n<p><span style=\"font-weight: 400;\">RCS <\/span><span style=\"font-weight: 400;\">Tarascon B 794 516 336<\/span><\/p>\r\n<p><span style=\"font-weight: 400;\">Code APE : <\/span><span style=\"font-weight: 400;\">7021Z<\/span><\/p>\r\n<p>&nbsp;<\/p>\r\n<h2><strong>Droit d&#8217;auteur et reprise du contenu mis en ligne\u00a0<\/strong><\/h2>\r\n<p><span style=\"font-weight: 400;\">Tous les contenus pr\u00e9sents sur le site <\/span><span style=\"color: #333333;\"><a style=\"color: #333333;\" href=\"https:\/\/biosud.com\/\"><span style=\"font-weight: 400;\">https:\/\/biosud.com<\/span><\/a><\/span><span style=\"font-weight: 400;\"> sont couverts par le droit d\u2019auteur. Toute reprise est d\u00e8s lors conditionn\u00e9e \u00e0 l\u2019accord de l\u2019\u00e9diteur en vertu de l\u2019article L.122-4 du Code de la Propri\u00e9t\u00e9 Intellectuelle.<\/span><\/p>\r\n<p><span style=\"font-weight: 400;\">Les demandes d\u2019autorisation de reproduction d\u2019un contenu doivent \u00eatre adress\u00e9es au webmestre du site. La demande devra pr\u00e9ciser le contenu vis\u00e9 ainsi que le site sur lequel ce dernier figurera.<\/span><\/p>\r\n<p><span style=\"font-weight: 400;\">Une fois cette autorisation obtenue, la reproduction d\u2019un contenu doit \u00eatre assortie de :<\/span><\/p>\r\n<p><span style=\"font-weight: 400;\">&#8211; l\u2019ajout de la mention : &#8220;Cette mention pointera gr\u00e2ce \u00e0 un lien hypertexte directement sur le contenu ;<\/span><\/p>\r\n<p><span style=\"font-weight: 400;\">&#8211; l\u2019ajout en bas de chaque contenu de la mention &#8220;Droits r\u00e9serv\u00e9s&#8221;.<\/span><\/p>\r\n<p><span style=\"font-weight: 400;\">En outre, les informations utilis\u00e9es ne doivent l\u2019\u00eatre qu\u2019\u00e0 des fins personnelles, associatives ou professionnelles, toute diffusion ou utilisation \u00e0 des fins commerciales ou publicitaires \u00e9tant exclues.<\/span><\/p>\r\n<h2>\u00a0<\/h2>\r\n<h2>Cookies<\/h2>\r\n<h2>\r\n<\/h2>\r\n<p>Si vous d\u00e9posez un commentaire sur notre site, il vous sera propos\u00e9 d\u2019enregistrer votre nom, adresse e-mail et site dans des cookies. C\u2019est uniquement pour votre confort afin de ne pas avoir \u00e0 saisir ces informations si vous d\u00e9posez un autre commentaire plus tard. Ces cookies expirent au bout d\u2019un an.<\/p>\r\n<h2>\r\n<\/h2>\r\n<p>Si vous vous rendez sur la page de connexion, un cookie temporaire sera cr\u00e9\u00e9 afin de d\u00e9terminer si votre navigateur accepte les cookies. Il ne contient pas de donn\u00e9es personnelles et sera supprim\u00e9 automatiquement \u00e0 la fermeture de votre navigateur.<\/p>\r\n<h2>\r\n<\/h2>\r\n<p>Lorsque vous vous connecterez, nous mettrons en place un certain nombre de cookies pour enregistrer vos informations de connexion et vos pr\u00e9f\u00e9rences d\u2019\u00e9cran. La dur\u00e9e de vie d\u2019un cookie de connexion est de deux jours, celle d\u2019un cookie d\u2019option d\u2019\u00e9cran est d\u2019un an. Si vous cochez \u00ab\u00a0Se souvenir de moi\u00a0\u00bb, votre cookie de connexion sera conserv\u00e9 pendant deux semaines. Si vous vous d\u00e9connectez de votre compte, le cookie de connexion sera effac\u00e9.<\/p>\r\n<h2>\r\n<\/h2>\r\n<p>En modifiant ou en publiant une publication, un cookie suppl\u00e9mentaire sera enregistr\u00e9 dans votre navigateur. Ce cookie ne comprend aucune donn\u00e9e personnelle. Il indique simplement l\u2019ID de la publication que vous venez de modifier. Il expire au bout d\u2019un jour.<\/p>\r\n<p>&nbsp;<\/p>\r\n<h2><strong>Protection des donn\u00e9es personnelles<\/strong><\/h2>\r\n<p><span style=\"font-weight: 400;\">Le Groupe BIOSUD collecte et traite des donn\u00e9es personnelles <\/span><span style=\"font-weight: 400;\"> uniquement afin de r\u00e9pondre \u00e0 vos questions. En aucun cas, nous divulguons ou partageons ces informations \u00e0 des tiers.<\/span><\/p>\r\n<p><span style=\"font-weight: 400;\">Les informations personnelles concernant les visiteurs de notre site, y compris leur identit\u00e9, sont confidentielles. Le responsable du site s\u2019engage sur l\u2019honneur \u00e0 respecter les conditions l\u00e9gales de confidentialit\u00e9 applicables en France et \u00e0 ne pas divulguer ces informations \u00e0 des tiers.<\/span><\/p>\r\n<p><span style=\"font-weight: 400;\">Ce site respecte la vie priv\u00e9e de ses utilisateurs. La collecte de donn\u00e9es personnelles et l\u2019utilisation de ces donn\u00e9es est conforme aux dispositions de la loi fran\u00e7aise relative \u00e0 l\u2019Informatique, aux Fichiers et aux Libert\u00e9s du 6 janvier 1978 modifi\u00e9e ainsi que du R\u00e8glement G\u00e9n\u00e9ral sur la Protection des donn\u00e9es personnelles du 25 mai 2018. Les informations personnelles concernant les visiteurs du site sont confidentielles.<\/span><\/p>\r\n<p>&nbsp;<\/p>\r\n\r\n\r\n<h2 class=\"wp-block-heading\"><strong>Pour toute question :<\/strong> <b>\u00a0<\/b><\/h2>\r\n<p><span style=\"text-decoration: underline;\"><a href=\"mailto:contact@biosud.com\" target=\"_blank\" rel=\"noopener\"><b><span style=\"color: #000000;\"><span style=\"color: #333333; text-decoration: underline;\">contact@biosud.com<\/span><\/span><\/b><\/a><\/span><\/p>\r\n\r\n\r\n<p>&nbsp;<\/p>\r\n","protected":false},"excerpt":{"rendered":"Ce site vous est propos\u00e9 par : BIOSUD Route de Port Saint Louis\u00a0 13200 Arles SAS au capital de 55 500 Euros RCS Tarascon B 445 175 177 \u00a0 Photographe :\u00a0 BRUNO PRESCHESMISKY 21, place Sainte-Marthe 84200 Carpentras Mobile : (+33) 6 80 57 38 84 T\u00e9l\u00e9phone : (+33) 4 90 63 15 00 Mail [&hellip;]","protected":false},"author":1,"featured_media":0,"parent":0,"menu_order":7,"comment_status":"closed","ping_status":"closed","template":"","meta":{"_acf_changed":false,"footnotes":""},"class_list":["post-1808","page","type-page","status-publish","hentry"],"acf":[],"_links":{"self":[{"href":"https:\/\/biosud.com\/en\/wp-json\/wp\/v2\/pages\/1808","targetHints":{"allow":["GET"]}}],"collection":[{"href":"https:\/\/biosud.com\/en\/wp-json\/wp\/v2\/pages"}],"about":[{"href":"https:\/\/biosud.com\/en\/wp-json\/wp\/v2\/types\/page"}],"author":[{"embeddable":true,"href":"https:\/\/biosud.com\/en\/wp-json\/wp\/v2\/users\/1"}],"replies":[{"embeddable":true,"href":"https:\/\/biosud.com\/en\/wp-json\/wp\/v2\/comments?post=1808"}],"version-history":[{"count":3,"href":"https:\/\/biosud.com\/en\/wp-json\/wp\/v2\/pages\/1808\/revisions"}],"predecessor-version":[{"id":1880,"href":"https:\/\/biosud.com\/en\/wp-json\/wp\/v2\/pages\/1808\/revisions\/1880"}],"wp:attachment":[{"href":"https:\/\/biosud.com\/en\/wp-json\/wp\/v2\/media?parent=1808"}],"curies":[{"name":"wp","href":"https:\/\/api.w.org\/{rel}","templated":true}]}}